{"id":2753,"date":"2024-07-04T11:19:35","date_gmt":"2024-07-04T08:19:35","guid":{"rendered":"https:\/\/futureland-electronics.gr\/kontakt\/"},"modified":"2024-08-22T15:13:19","modified_gmt":"2024-08-22T12:13:19","slug":"kontakt","status":"publish","type":"page","link":"https:\/\/futureland-electronics.gr\/de\/kontakt\/","title":{"rendered":"Kontakt"},"content":{"rendered":"\t\t<div data-elementor-type=\"wp-page\" data-elementor-id=\"2753\" class=\"elementor elementor-2753 elementor-31\" data-elementor-post-type=\"page\">\n\t\t\t\t<div class=\"elementor-element elementor-element-51910bd e-con-full e-flex e-con e-parent\" data-id=\"51910bd\" data-element_type=\"container\">\n\t\t<div class=\"elementor-element elementor-element-2513a66 e-con-full e-flex e-con e-child\" data-id=\"2513a66\" data-element_type=\"container\">\n\t\t\t\t<div class=\"elementor-element elementor-element-3c4f96f elementor-widget elementor-widget-heading\" data-id=\"3c4f96f\" data-element_type=\"widget\" data-widget_type=\"heading.default\">\n\t\t\t\t<div class=\"elementor-widget-container\">\n\t\t\t<h2 class=\"elementor-heading-title elementor-size-default\">Kontaktieren Sie uns!<\/h2>\t\t<\/div>\n\t\t\t\t<\/div>\n\t\t\t\t<div class=\"elementor-element elementor-element-c11cdd5 elementor-widget__width-initial elementor-widget-laptop__width-inherit elementor-widget elementor-widget-text-editor\" data-id=\"c11cdd5\" data-element_type=\"widget\" data-widget_type=\"text-editor.default\">\n\t\t\t\t<div class=\"elementor-widget-container\">\n\t\t\t\t\t\t\t<p>Werten Sie Ihre R\u00e4umlichkeiten mit den integrierten L\u00f6sungen von FutureLand Electronics auf!<br \/>\nKontaktieren Sie uns noch heute f\u00fcr ein individuelles Angebot nach Ihren Vorgaben! <\/p>\n\t\t\t\t\t\t<\/div>\n\t\t\t\t<\/div>\n\t\t<div class=\"elementor-element elementor-element-fe20960 e-con-full e-flex e-con e-child\" data-id=\"fe20960\" data-element_type=\"container\">\n\t\t\t\t<div class=\"elementor-element elementor-element-2f43ac2 elementor-widget elementor-widget-heading\" data-id=\"2f43ac2\" data-element_type=\"widget\" data-widget_type=\"heading.default\">\n\t\t\t\t<div class=\"elementor-widget-container\">\n\t\t\t<h2 class=\"elementor-heading-title elementor-size-default\"><a href=\"mailto:info@futureland.gr\">  info@futureland-electronics.gr<\/a><\/h2>\t\t<\/div>\n\t\t\t\t<\/div>\n\t\t\t\t<div class=\"elementor-element elementor-element-21de1be elementor-widget elementor-widget-heading\" data-id=\"21de1be\" data-element_type=\"widget\" data-widget_type=\"heading.default\">\n\t\t\t\t<div class=\"elementor-widget-container\">\n\t\t\t<h2 class=\"elementor-heading-title elementor-size-default\"><a href=\"tel:+30%2028218%2021834\">+30 28218 21834<\/a><\/h2>\t\t<\/div>\n\t\t\t\t<\/div>\n\t\t\t\t<\/div>\n\t\t\t\t<div class=\"elementor-element elementor-element-c7d9639 elementor-button-align-center elementor-widget__width-initial home-form elementor-widget elementor-widget-form\" data-id=\"c7d9639\" data-element_type=\"widget\" data-settings=\"{&quot;step_next_label&quot;:&quot;N\\u00e4chste&quot;,&quot;step_previous_label&quot;:&quot;Vorherige&quot;,&quot;button_width&quot;:&quot;100&quot;,&quot;step_type&quot;:&quot;number_text&quot;,&quot;step_icon_shape&quot;:&quot;circle&quot;}\" data-widget_type=\"form.default\">\n\t\t\t\t<div class=\"elementor-widget-container\">\n\t\t\t\t\t<form class=\"elementor-form\" method=\"post\" name=\"Neue Form\">\n\t\t\t<input type=\"hidden\" name=\"post_id\" value=\"2753\"\/>\n\t\t\t<input type=\"hidden\" name=\"form_id\" value=\"c7d9639\"\/>\n\t\t\t<input type=\"hidden\" name=\"referer_title\" value=\"FutureLand Electronics by Dimitris Lykidis\" \/>\n\n\t\t\t\n\t\t\t<div class=\"elementor-form-fields-wrapper elementor-labels-\">\n\t\t\t\t\t\t\t\t<div class=\"elementor-field-type-text elementor-field-group elementor-column elementor-field-group-name elementor-col-50\">\n\t\t\t\t\t\t\t\t\t\t\t\t<label for=\"form-field-name\" class=\"elementor-field-label elementor-screen-only\">\n\t\t\t\t\t\t\t\tName\t\t\t\t\t\t\t<\/label>\n\t\t\t\t\t\t\t\t\t\t\t\t\t\t<input size=\"1\" type=\"text\" name=\"form_fields[name]\" id=\"form-field-name\" class=\"elementor-field elementor-size-sm  elementor-field-textual\" placeholder=\"Vollst\u00e4ndiger Name\">\n\t\t\t\t\t\t\t\t\t\t\t<\/div>\n\t\t\t\t\t\t\t\t<div class=\"elementor-field-type-tel elementor-field-group elementor-column elementor-field-group-field_449b4e4 elementor-col-50 elementor-field-required\">\n\t\t\t\t\t\t\t\t\t\t\t\t<label for=\"form-field-field_449b4e4\" class=\"elementor-field-label elementor-screen-only\">\n\t\t\t\t\t\t\t\tName\t\t\t\t\t\t\t<\/label>\n\t\t\t\t\t\t\t\t<input size=\"1\" type=\"tel\" name=\"form_fields[field_449b4e4]\" id=\"form-field-field_449b4e4\" class=\"elementor-field elementor-size-sm  elementor-field-textual\" placeholder=\"Tel.\" required=\"required\" aria-required=\"true\" pattern=\"[0-9()#&amp;+*-=.]+\" title=\"Only numbers and phone characters (#, -, *, etc) are accepted.\">\n\n\t\t\t\t\t\t<\/div>\n\t\t\t\t\t\t\t\t<div class=\"elementor-field-type-email elementor-field-group elementor-column elementor-field-group-email elementor-col-50 elementor-field-required\">\n\t\t\t\t\t\t\t\t\t\t\t\t<label for=\"form-field-email\" class=\"elementor-field-label elementor-screen-only\">\n\t\t\t\t\t\t\t\tE-Mail\t\t\t\t\t\t\t<\/label>\n\t\t\t\t\t\t\t\t\t\t\t\t\t\t<input size=\"1\" type=\"email\" name=\"form_fields[email]\" id=\"form-field-email\" class=\"elementor-field elementor-size-sm  elementor-field-textual\" placeholder=\"E-Mail\" required=\"required\" aria-required=\"true\">\n\t\t\t\t\t\t\t\t\t\t\t<\/div>\n\t\t\t\t\t\t\t\t<div class=\"elementor-field-type-text elementor-field-group elementor-column elementor-field-group-message elementor-col-50\">\n\t\t\t\t\t\t\t\t\t\t\t\t<label for=\"form-field-message\" class=\"elementor-field-label elementor-screen-only\">\n\t\t\t\t\t\t\t\tStadt\t\t\t\t\t\t\t<\/label>\n\t\t\t\t\t\t\t\t\t\t\t\t\t\t<input size=\"1\" type=\"text\" name=\"form_fields[message]\" id=\"form-field-message\" class=\"elementor-field elementor-size-sm  elementor-field-textual\" placeholder=\"Stadt\">\n\t\t\t\t\t\t\t\t\t\t\t<\/div>\n\t\t\t\t\t\t\t\t<div class=\"elementor-field-type-text elementor-field-group elementor-column elementor-field-group-field_6d8b9df elementor-col-100\">\n\t\t\t\t\t\t\t\t\t\t\t\t<label for=\"form-field-field_6d8b9df\" class=\"elementor-field-label elementor-screen-only\">\n\t\t\t\t\t\t\t\tThema\t\t\t\t\t\t\t<\/label>\n\t\t\t\t\t\t\t\t\t\t\t\t\t\t<input size=\"1\" type=\"text\" name=\"form_fields[field_6d8b9df]\" id=\"form-field-field_6d8b9df\" class=\"elementor-field elementor-size-sm  elementor-field-textual\" placeholder=\"Thema\">\n\t\t\t\t\t\t\t\t\t\t\t<\/div>\n\t\t\t\t\t\t\t\t<div class=\"elementor-field-type-textarea elementor-field-group elementor-column elementor-field-group-field_56a964f elementor-col-100\">\n\t\t\t\t\t\t\t\t\t\t\t\t<label for=\"form-field-field_56a964f\" class=\"elementor-field-label elementor-screen-only\">\n\t\t\t\t\t\t\t\tNachricht\t\t\t\t\t\t\t<\/label>\n\t\t\t\t\t\t<textarea class=\"elementor-field-textual elementor-field  elementor-size-sm\" name=\"form_fields[field_56a964f]\" id=\"form-field-field_56a964f\" rows=\"4\" placeholder=\"Nachricht\"><\/textarea>\t\t\t\t<\/div>\n\t\t\t\t\t\t\t\t<div class=\"elementor-field-type-recaptcha elementor-field-group elementor-column elementor-field-group-field_94f51ee elementor-col-100\">\n\t\t\t\t\t<div class=\"elementor-field\" id=\"form-field-field_94f51ee\"><div class=\"elementor-g-recaptcha\" data-sitekey=\"6LctTiEqAAAAAK90ToBMfGGHWvVjFE0iiOLBJQuJ\" data-type=\"v2_checkbox\" data-theme=\"light\" data-size=\"normal\"><\/div><\/div>\t\t\t\t<\/div>\n\t\t\t\t\t\t\t\t<div class=\"elementor-field-group elementor-column elementor-field-type-submit elementor-col-100 e-form__buttons\">\n\t\t\t\t\t<button class=\"elementor-button elementor-size-sm\" type=\"submit\">\n\t\t\t\t\t\t<span class=\"elementor-button-content-wrapper\">\n\t\t\t\t\t\t\t\t\t\t\t\t\t\t\t\t\t\t\t\t\t\t<span class=\"elementor-button-text\">Senden an<\/span>\n\t\t\t\t\t\t\t\t\t\t\t\t\t<\/span>\n\t\t\t\t\t<\/button>\n\t\t\t\t<\/div>\n\t\t\t<\/div>\n\t\t<\/form>\n\t\t\t\t<\/div>\n\t\t\t\t<\/div>\n\t\t\t\t<\/div>\n\t\t<div class=\"elementor-element elementor-element-010e6b9 e-con-full e-flex e-con e-child\" data-id=\"010e6b9\" data-element_type=\"container\">\n\t\t\t\t<div class=\"elementor-element elementor-element-0ccbf54 elementor-widget elementor-widget-heading\" data-id=\"0ccbf54\" data-element_type=\"widget\" data-widget_type=\"heading.default\">\n\t\t\t\t<div class=\"elementor-widget-container\">\n\t\t\t<h2 class=\"elementor-heading-title elementor-size-default\">Mehr Informationen<\/h2>\t\t<\/div>\n\t\t\t\t<\/div>\n\t\t\t\t<div class=\"elementor-element elementor-element-80d9d32 elementor-widget__width-auto elementor-mobile-align-left elementor-icon-list--layout-traditional elementor-list-item-link-full_width elementor-widget elementor-widget-icon-list\" data-id=\"80d9d32\" data-element_type=\"widget\" data-widget_type=\"icon-list.default\">\n\t\t\t\t<div class=\"elementor-widget-container\">\n\t\t\t\t\t<ul class=\"elementor-icon-list-items\">\n\t\t\t\t\t\t\t<li class=\"elementor-icon-list-item\">\n\t\t\t\t\t\t\t\t\t\t<span class=\"elementor-icon-list-text\">Lykidis Dimitris<\/span>\n\t\t\t\t\t\t\t\t\t<\/li>\n\t\t\t\t\t\t\t\t<li class=\"elementor-icon-list-item\">\n\t\t\t\t\t\t\t\t\t\t\t<a href=\"https:\/\/www.google.com\/maps\/place\/\/data=!4m2!3m1!1s0xaec7e2c0d8f4ed61:0x2a9f07bc8fe70050?sa=X=1t:8290=111\">\n\n\t\t\t\t\t\t\t\t\t\t\t<span class=\"elementor-icon-list-text\"> <span class=\"item\"> A: <\/span> Ave.\n88 Karamanlis Avenue, Nerokouros 731 00 <\/span>\n\t\t\t\t\t\t\t\t\t\t\t<\/a>\n\t\t\t\t\t\t\t\t\t<\/li>\n\t\t\t\t\t\t\t\t<li class=\"elementor-icon-list-item\">\n\t\t\t\t\t\t\t\t\t\t\t<a href=\"tel:+30%206986%20191%20337\">\n\n\t\t\t\t\t\t\t\t\t\t\t<span class=\"elementor-icon-list-text\">  \u039a<span class=\"item\">: <\/span> 6986 191 337<\/span>\n\t\t\t\t\t\t\t\t\t\t\t<\/a>\n\t\t\t\t\t\t\t\t\t<\/li>\n\t\t\t\t\t\t\t\t<li class=\"elementor-icon-list-item\">\n\t\t\t\t\t\t\t\t\t\t\t<a href=\"tel:+30%2028218%2021834\">\n\n\t\t\t\t\t\t\t\t\t\t\t<span class=\"elementor-icon-list-text\"> <span class=\"item\"> \u03a4: <\/span> 28218 21834<\/span>\n\t\t\t\t\t\t\t\t\t\t\t<\/a>\n\t\t\t\t\t\t\t\t\t<\/li>\n\t\t\t\t\t\t\t\t<li class=\"elementor-icon-list-item\">\n\t\t\t\t\t\t\t\t\t\t\t<a href=\"mailto:info@futureland-electronics.gr\">\n\n\t\t\t\t\t\t\t\t\t\t\t<span class=\"elementor-icon-list-text\"> <span class=\"item\"> Q: <\/span> info@futureland-electronics.gr<\/span>\n\t\t\t\t\t\t\t\t\t\t\t<\/a>\n\t\t\t\t\t\t\t\t\t<\/li>\n\t\t\t\t\t\t<\/ul>\n\t\t\t\t<\/div>\n\t\t\t\t<\/div>\n\t\t\t\t<\/div>\n\t\t\t\t<\/div>\n\t\t\t\t<\/div>\n\t\t","protected":false},"excerpt":{"rendered":"<p>Kontaktieren Sie uns! Werten Sie Ihre R\u00e4umlichkeiten mit den integrierten L\u00f6sungen von FutureLand Electronics auf! Kontaktieren Sie uns noch heute f\u00fcr ein individuelles Angebot nach Ihren Vorgaben! info@futureland-electronics.gr +30 28218 21834 Mehr Informationen Lykidis Dimitris A: Ave. 88 Karamanlis Avenue, Nerokouros 731 00 \u039a: 6986 191 337 \u03a4: 28218 21834 Q: info@futureland-electronics.gr<\/p>\n","protected":false},"author":2,"featured_media":2502,"parent":0,"menu_order":0,"comment_status":"closed","ping_status":"closed","template":"","meta":{"_acf_changed":false,"footnotes":""},"class_list":["post-2753","page","type-page","status-publish","has-post-thumbnail","hentry"],"acf":[],"yoast_head":"<!-- This site is optimized with the Yoast SEO plugin v23.5 - https:\/\/yoast.com\/wordpress\/plugins\/seo\/ -->\n<title>Kontakt - FutureLand Electronics by Dimitris Lykidis<\/title>\n<meta name=\"description\" content=\"Setzen Sie sich mit uns in Verbindung und erfahren Sie alles, was Sie \u00fcber neue Innovationen in der Technologie wissen m\u00fcssen.\" \/>\n<meta name=\"robots\" content=\"index, follow, max-snippet:-1, max-image-preview:large, max-video-preview:-1\" \/>\n<link rel=\"canonical\" href=\"https:\/\/futureland-electronics.gr\/de\/kontakt\/\" \/>\n<meta property=\"og:locale\" content=\"de_DE\" \/>\n<meta property=\"og:type\" content=\"article\" \/>\n<meta property=\"og:title\" content=\"Kontakt - FutureLand Electronics by Dimitris Lykidis\" \/>\n<meta property=\"og:description\" content=\"Setzen Sie sich mit uns in Verbindung und erfahren Sie alles, was Sie \u00fcber neue Innovationen in der Technologie wissen m\u00fcssen.\" \/>\n<meta property=\"og:url\" content=\"https:\/\/futureland-electronics.gr\/de\/kontakt\/\" \/>\n<meta property=\"og:site_name\" content=\"FutureLand Electronics by Dimitris Lykidis\" \/>\n<meta property=\"article:publisher\" content=\"https:\/\/www.facebook.com\/Lykidis.D\" \/>\n<meta property=\"article:modified_time\" content=\"2024-08-22T12:13:19+00:00\" \/>\n<meta property=\"og:image\" content=\"https:\/\/futureland-electronics.gr\/wp-content\/uploads\/2024\/07\/Group-68.webp\" \/>\n\t<meta property=\"og:image:width\" content=\"1114\" \/>\n\t<meta property=\"og:image:height\" content=\"635\" \/>\n\t<meta property=\"og:image:type\" content=\"image\/webp\" \/>\n<meta name=\"twitter:card\" content=\"summary_large_image\" \/>\n<script type=\"application\/ld+json\" class=\"yoast-schema-graph\">{\"@context\":\"https:\/\/schema.org\",\"@graph\":[{\"@type\":\"WebPage\",\"@id\":\"https:\/\/futureland-electronics.gr\/de\/kontakt\/\",\"url\":\"https:\/\/futureland-electronics.gr\/de\/kontakt\/\",\"name\":\"Kontakt - FutureLand Electronics by Dimitris Lykidis\",\"isPartOf\":{\"@id\":\"https:\/\/futureland-electronics.gr\/de\/#website\"},\"primaryImageOfPage\":{\"@id\":\"https:\/\/futureland-electronics.gr\/de\/kontakt\/#primaryimage\"},\"image\":{\"@id\":\"https:\/\/futureland-electronics.gr\/de\/kontakt\/#primaryimage\"},\"thumbnailUrl\":\"https:\/\/futureland-electronics.gr\/wp-content\/uploads\/2024\/07\/Group-68.webp\",\"datePublished\":\"2024-07-04T08:19:35+00:00\",\"dateModified\":\"2024-08-22T12:13:19+00:00\",\"description\":\"Setzen Sie sich mit uns in Verbindung und erfahren Sie alles, was Sie \u00fcber neue Innovationen in der Technologie wissen m\u00fcssen.\",\"breadcrumb\":{\"@id\":\"https:\/\/futureland-electronics.gr\/de\/kontakt\/#breadcrumb\"},\"inLanguage\":\"de\",\"potentialAction\":[{\"@type\":\"ReadAction\",\"target\":[\"https:\/\/futureland-electronics.gr\/de\/kontakt\/\"]}]},{\"@type\":\"ImageObject\",\"inLanguage\":\"de\",\"@id\":\"https:\/\/futureland-electronics.gr\/de\/kontakt\/#primaryimage\",\"url\":\"https:\/\/futureland-electronics.gr\/wp-content\/uploads\/2024\/07\/Group-68.webp\",\"contentUrl\":\"https:\/\/futureland-electronics.gr\/wp-content\/uploads\/2024\/07\/Group-68.webp\",\"width\":1114,\"height\":635},{\"@type\":\"BreadcrumbList\",\"@id\":\"https:\/\/futureland-electronics.gr\/de\/kontakt\/#breadcrumb\",\"itemListElement\":[{\"@type\":\"ListItem\",\"position\":1,\"name\":\"Home\",\"item\":\"https:\/\/futureland-electronics.gr\/de\/startseite\/\"},{\"@type\":\"ListItem\",\"position\":2,\"name\":\"Kontakt\"}]},{\"@type\":\"WebSite\",\"@id\":\"https:\/\/futureland-electronics.gr\/de\/#website\",\"url\":\"https:\/\/futureland-electronics.gr\/de\/\",\"name\":\"FutureLand Electronics by Dimitris Lykidis\",\"description\":\"\u0397\u03bb\u03b5\u03ba\u03c4\u03c1\u03bf\u03bd\u03b9\u03ba\u03ad\u03c2 \u0395\u03b3\u03ba\u03b1\u03c4\u03b1\u03c3\u03c4\u03ac\u03c3\u03b5\u03b9\u03c2 - \u0388\u03be\u03c5\u03c0\u03bd\u03bf \u03a3\u03c0\u03af\u03c4\u03b9\",\"publisher\":{\"@id\":\"https:\/\/futureland-electronics.gr\/de\/#organization\"},\"potentialAction\":[{\"@type\":\"SearchAction\",\"target\":{\"@type\":\"EntryPoint\",\"urlTemplate\":\"https:\/\/futureland-electronics.gr\/de\/?s={search_term_string}\"},\"query-input\":{\"@type\":\"PropertyValueSpecification\",\"valueRequired\":true,\"valueName\":\"search_term_string\"}}],\"inLanguage\":\"de\"},{\"@type\":\"Organization\",\"@id\":\"https:\/\/futureland-electronics.gr\/de\/#organization\",\"name\":\"FutureLand Electronics by Dimitris Lykidis\",\"url\":\"https:\/\/futureland-electronics.gr\/de\/\",\"logo\":{\"@type\":\"ImageObject\",\"inLanguage\":\"de\",\"@id\":\"https:\/\/futureland-electronics.gr\/de\/#\/schema\/logo\/image\/\",\"url\":\"https:\/\/futureland-electronics.gr\/wp-content\/uploads\/2024\/05\/Group-10.webp\",\"contentUrl\":\"https:\/\/futureland-electronics.gr\/wp-content\/uploads\/2024\/05\/Group-10.webp\",\"width\":394,\"height\":94,\"caption\":\"FutureLand Electronics by Dimitris Lykidis\"},\"image\":{\"@id\":\"https:\/\/futureland-electronics.gr\/de\/#\/schema\/logo\/image\/\"},\"sameAs\":[\"https:\/\/www.facebook.com\/Lykidis.D\",\"https:\/\/www.instagram.com\/futureland_lykidis_electronics\/\"]}]}<\/script>\n<!-- \/ Yoast SEO plugin. -->","yoast_head_json":{"title":"Kontakt - FutureLand Electronics by Dimitris Lykidis","description":"Setzen Sie sich mit uns in Verbindung und erfahren Sie alles, was Sie \u00fcber neue Innovationen in der Technologie wissen m\u00fcssen.","robots":{"index":"index","follow":"follow","max-snippet":"max-snippet:-1","max-image-preview":"max-image-preview:large","max-video-preview":"max-video-preview:-1"},"canonical":"https:\/\/futureland-electronics.gr\/de\/kontakt\/","og_locale":"de_DE","og_type":"article","og_title":"Kontakt - FutureLand Electronics by Dimitris Lykidis","og_description":"Setzen Sie sich mit uns in Verbindung und erfahren Sie alles, was Sie \u00fcber neue Innovationen in der Technologie wissen m\u00fcssen.","og_url":"https:\/\/futureland-electronics.gr\/de\/kontakt\/","og_site_name":"FutureLand Electronics by Dimitris Lykidis","article_publisher":"https:\/\/www.facebook.com\/Lykidis.D","article_modified_time":"2024-08-22T12:13:19+00:00","og_image":[{"width":1114,"height":635,"url":"https:\/\/futureland-electronics.gr\/wp-content\/uploads\/2024\/07\/Group-68.webp","type":"image\/webp"}],"twitter_card":"summary_large_image","schema":{"@context":"https:\/\/schema.org","@graph":[{"@type":"WebPage","@id":"https:\/\/futureland-electronics.gr\/de\/kontakt\/","url":"https:\/\/futureland-electronics.gr\/de\/kontakt\/","name":"Kontakt - FutureLand Electronics by Dimitris Lykidis","isPartOf":{"@id":"https:\/\/futureland-electronics.gr\/de\/#website"},"primaryImageOfPage":{"@id":"https:\/\/futureland-electronics.gr\/de\/kontakt\/#primaryimage"},"image":{"@id":"https:\/\/futureland-electronics.gr\/de\/kontakt\/#primaryimage"},"thumbnailUrl":"https:\/\/futureland-electronics.gr\/wp-content\/uploads\/2024\/07\/Group-68.webp","datePublished":"2024-07-04T08:19:35+00:00","dateModified":"2024-08-22T12:13:19+00:00","description":"Setzen Sie sich mit uns in Verbindung und erfahren Sie alles, was Sie \u00fcber neue Innovationen in der Technologie wissen m\u00fcssen.","breadcrumb":{"@id":"https:\/\/futureland-electronics.gr\/de\/kontakt\/#breadcrumb"},"inLanguage":"de","potentialAction":[{"@type":"ReadAction","target":["https:\/\/futureland-electronics.gr\/de\/kontakt\/"]}]},{"@type":"ImageObject","inLanguage":"de","@id":"https:\/\/futureland-electronics.gr\/de\/kontakt\/#primaryimage","url":"https:\/\/futureland-electronics.gr\/wp-content\/uploads\/2024\/07\/Group-68.webp","contentUrl":"https:\/\/futureland-electronics.gr\/wp-content\/uploads\/2024\/07\/Group-68.webp","width":1114,"height":635},{"@type":"BreadcrumbList","@id":"https:\/\/futureland-electronics.gr\/de\/kontakt\/#breadcrumb","itemListElement":[{"@type":"ListItem","position":1,"name":"Home","item":"https:\/\/futureland-electronics.gr\/de\/startseite\/"},{"@type":"ListItem","position":2,"name":"Kontakt"}]},{"@type":"WebSite","@id":"https:\/\/futureland-electronics.gr\/de\/#website","url":"https:\/\/futureland-electronics.gr\/de\/","name":"FutureLand Electronics by Dimitris Lykidis","description":"\u0397\u03bb\u03b5\u03ba\u03c4\u03c1\u03bf\u03bd\u03b9\u03ba\u03ad\u03c2 \u0395\u03b3\u03ba\u03b1\u03c4\u03b1\u03c3\u03c4\u03ac\u03c3\u03b5\u03b9\u03c2 - \u0388\u03be\u03c5\u03c0\u03bd\u03bf \u03a3\u03c0\u03af\u03c4\u03b9","publisher":{"@id":"https:\/\/futureland-electronics.gr\/de\/#organization"},"potentialAction":[{"@type":"SearchAction","target":{"@type":"EntryPoint","urlTemplate":"https:\/\/futureland-electronics.gr\/de\/?s={search_term_string}"},"query-input":{"@type":"PropertyValueSpecification","valueRequired":true,"valueName":"search_term_string"}}],"inLanguage":"de"},{"@type":"Organization","@id":"https:\/\/futureland-electronics.gr\/de\/#organization","name":"FutureLand Electronics by Dimitris Lykidis","url":"https:\/\/futureland-electronics.gr\/de\/","logo":{"@type":"ImageObject","inLanguage":"de","@id":"https:\/\/futureland-electronics.gr\/de\/#\/schema\/logo\/image\/","url":"https:\/\/futureland-electronics.gr\/wp-content\/uploads\/2024\/05\/Group-10.webp","contentUrl":"https:\/\/futureland-electronics.gr\/wp-content\/uploads\/2024\/05\/Group-10.webp","width":394,"height":94,"caption":"FutureLand Electronics by Dimitris Lykidis"},"image":{"@id":"https:\/\/futureland-electronics.gr\/de\/#\/schema\/logo\/image\/"},"sameAs":["https:\/\/www.facebook.com\/Lykidis.D","https:\/\/www.instagram.com\/futureland_lykidis_electronics\/"]}]}},"_links":{"self":[{"href":"https:\/\/futureland-electronics.gr\/de\/wp-json\/wp\/v2\/pages\/2753"}],"collection":[{"href":"https:\/\/futureland-electronics.gr\/de\/wp-json\/wp\/v2\/pages"}],"about":[{"href":"https:\/\/futureland-electronics.gr\/de\/wp-json\/wp\/v2\/types\/page"}],"author":[{"embeddable":true,"href":"https:\/\/futureland-electronics.gr\/de\/wp-json\/wp\/v2\/users\/2"}],"replies":[{"embeddable":true,"href":"https:\/\/futureland-electronics.gr\/de\/wp-json\/wp\/v2\/comments?post=2753"}],"version-history":[{"count":4,"href":"https:\/\/futureland-electronics.gr\/de\/wp-json\/wp\/v2\/pages\/2753\/revisions"}],"predecessor-version":[{"id":2805,"href":"https:\/\/futureland-electronics.gr\/de\/wp-json\/wp\/v2\/pages\/2753\/revisions\/2805"}],"wp:featuredmedia":[{"embeddable":true,"href":"https:\/\/futureland-electronics.gr\/de\/wp-json\/wp\/v2\/media\/2502"}],"wp:attachment":[{"href":"https:\/\/futureland-electronics.gr\/de\/wp-json\/wp\/v2\/media?parent=2753"}],"curies":[{"name":"wp","href":"https:\/\/api.w.org\/{rel}","templated":true}]}}