{"id":2726,"date":"2024-07-22T16:07:16","date_gmt":"2024-07-22T13:07:16","guid":{"rendered":"https:\/\/futureland-electronics.gr\/danke-page\/"},"modified":"2024-08-22T15:12:41","modified_gmt":"2024-08-22T12:12:41","slug":"danke-page","status":"publish","type":"page","link":"https:\/\/futureland-electronics.gr\/de\/danke-page\/","title":{"rendered":"Danke, Page"},"content":{"rendered":"\t\t<div data-elementor-type=\"wp-page\" data-elementor-id=\"2726\" class=\"elementor elementor-2726 elementor-1806\" data-elementor-post-type=\"page\">\n\t\t\t\t<div class=\"elementor-element elementor-element-70032c5a e-con-full e-flex e-con e-parent\" data-id=\"70032c5a\" data-element_type=\"container\" data-settings=\"{&quot;background_background&quot;:&quot;classic&quot;}\">\n\t\t<div class=\"elementor-element elementor-element-1411b5e3 e-flex e-con-boxed e-con e-child\" data-id=\"1411b5e3\" data-element_type=\"container\">\n\t\t\t\t\t<div class=\"e-con-inner\">\n\t\t\t\t<div class=\"elementor-element elementor-element-52bc8517 elementor-widget__width-initial elementor-widget-mobile__width-inherit elementor-widget-tablet__width-initial elementor-widget elementor-widget-heading\" data-id=\"52bc8517\" data-element_type=\"widget\" data-widget_type=\"heading.default\">\n\t\t\t\t<div class=\"elementor-widget-container\">\n\t\t\t<h2 class=\"elementor-heading-title elementor-size-default\">Vielen Dank, dass Sie Future Lands kontaktiert haben!<\/h2>\t\t<\/div>\n\t\t\t\t<\/div>\n\t\t\t\t<div class=\"elementor-element elementor-element-5d73b0ca elementor-widget__width-initial elementor-widget elementor-widget-text-editor\" data-id=\"5d73b0ca\" data-element_type=\"widget\" data-widget_type=\"text-editor.default\">\n\t\t\t\t<div class=\"elementor-widget-container\">\n\t\t\t\t\t\t\t<p>Verbessern Sie Ihr t\u00e4gliches Leben mit den fortschrittlichen Smart Home-L\u00f6sungen von Future Land.<br \/>\nWir bieten Ihnen die komplette Planung, Installation und technische Unterst\u00fctzung, um Ihre R\u00e4ume in ein intelligentes Zuhause zu verwandeln, das mit den neuesten Managementtechnologien ausgestattet ist.<br \/>\nGenie\u00dfen Sie die Automatisierung von Beleuchtung, Jalousien, Heizung und Ger\u00e4ten und sorgen Sie so f\u00fcr maximale Einsparungen und Effizienz.<br \/>\nDurch Echtzeitwarnungen und Fernverwaltung wissen Sie jederzeit, was in Ihrem Haus passiert, und erh\u00f6hen gleichzeitig die Sicherheit.   <\/p>\n\t\t\t\t\t\t<\/div>\n\t\t\t\t<\/div>\n\t\t\t\t<div class=\"elementor-element elementor-element-37165f6b button elementor-align-center elementor-widget elementor-widget-button\" data-id=\"37165f6b\" data-element_type=\"widget\" data-widget_type=\"button.default\">\n\t\t\t\t<div class=\"elementor-widget-container\">\n\t\t\t\t\t<div class=\"elementor-button-wrapper\">\n\t\t\t<a class=\"elementor-button elementor-button-link elementor-size-sm\" href=\"#\">\n\t\t\t\t\t\t<span class=\"elementor-button-content-wrapper\">\n\t\t\t\t\t\t<span class=\"elementor-button-icon\">\n\t\t\t\t<i aria-hidden=\"true\" class=\"phoneicon- phone-icon-phone-2\"><\/i>\t\t\t<\/span>\n\t\t\t\t\t\t\t\t\t<span class=\"elementor-button-text\">Rufen Sie uns an<\/span>\n\t\t\t\t\t<\/span>\n\t\t\t\t\t<\/a>\n\t\t<\/div>\n\t\t\t\t<\/div>\n\t\t\t\t<\/div>\n\t\t\t\t\t<\/div>\n\t\t\t\t<\/div>\n\t\t\t\t<\/div>\n\t\t\t\t<\/div>\n\t\t","protected":false},"excerpt":{"rendered":"<p>Vielen Dank, dass Sie Future Lands kontaktiert haben! Verbessern Sie Ihr t\u00e4gliches Leben mit den fortschrittlichen Smart Home-L\u00f6sungen von Future Land. Wir bieten Ihnen die komplette Planung, Installation und technische Unterst\u00fctzung, um Ihre R\u00e4ume in ein intelligentes Zuhause zu verwandeln, das mit den neuesten Managementtechnologien ausgestattet ist. Genie\u00dfen Sie die Automatisierung von Beleuchtung, Jalousien, Heizung [&hellip;]<\/p>\n","protected":false},"author":2,"featured_media":0,"parent":0,"menu_order":0,"comment_status":"closed","ping_status":"closed","template":"","meta":{"_acf_changed":false,"footnotes":""},"class_list":["post-2726","page","type-page","status-publish","hentry"],"acf":[],"yoast_head":"<!-- This site is optimized with the Yoast SEO plugin v23.5 - https:\/\/yoast.com\/wordpress\/plugins\/seo\/ -->\n<title>Danke, Page - FutureLand Electronics by Dimitris Lykidis<\/title>\n<meta name=\"description\" content=\"Unser Team steht Ihnen zur Verf\u00fcgung, um Sie bei jedem Schritt zu begleiten. Vielen Dank an unsere Kunden, die uns vertrauen und uns jeden Tag unterst\u00fctzen\" \/>\n<meta name=\"robots\" content=\"index, follow, max-snippet:-1, max-image-preview:large, max-video-preview:-1\" \/>\n<link rel=\"canonical\" href=\"https:\/\/futureland-electronics.gr\/de\/danke-page\/\" \/>\n<meta property=\"og:locale\" content=\"de_DE\" \/>\n<meta property=\"og:type\" content=\"article\" \/>\n<meta property=\"og:title\" content=\"Danke, Page - FutureLand Electronics by Dimitris Lykidis\" \/>\n<meta property=\"og:description\" content=\"Unser Team steht Ihnen zur Verf\u00fcgung, um Sie bei jedem Schritt zu begleiten. Vielen Dank an unsere Kunden, die uns vertrauen und uns jeden Tag unterst\u00fctzen\" \/>\n<meta property=\"og:url\" content=\"https:\/\/futureland-electronics.gr\/de\/danke-page\/\" \/>\n<meta property=\"og:site_name\" content=\"FutureLand Electronics by Dimitris Lykidis\" \/>\n<meta property=\"article:publisher\" content=\"https:\/\/www.facebook.com\/Lykidis.D\" \/>\n<meta property=\"article:modified_time\" content=\"2024-08-22T12:12:41+00:00\" \/>\n<meta name=\"twitter:card\" content=\"summary_large_image\" \/>\n<script type=\"application\/ld+json\" class=\"yoast-schema-graph\">{\"@context\":\"https:\/\/schema.org\",\"@graph\":[{\"@type\":\"WebPage\",\"@id\":\"https:\/\/futureland-electronics.gr\/de\/danke-page\/\",\"url\":\"https:\/\/futureland-electronics.gr\/de\/danke-page\/\",\"name\":\"Danke, Page - FutureLand Electronics by Dimitris Lykidis\",\"isPartOf\":{\"@id\":\"https:\/\/futureland-electronics.gr\/de\/#website\"},\"datePublished\":\"2024-07-22T13:07:16+00:00\",\"dateModified\":\"2024-08-22T12:12:41+00:00\",\"description\":\"Unser Team steht Ihnen zur Verf\u00fcgung, um Sie bei jedem Schritt zu begleiten. Vielen Dank an unsere Kunden, die uns vertrauen und uns jeden Tag unterst\u00fctzen\",\"breadcrumb\":{\"@id\":\"https:\/\/futureland-electronics.gr\/de\/danke-page\/#breadcrumb\"},\"inLanguage\":\"de\",\"potentialAction\":[{\"@type\":\"ReadAction\",\"target\":[\"https:\/\/futureland-electronics.gr\/de\/danke-page\/\"]}]},{\"@type\":\"BreadcrumbList\",\"@id\":\"https:\/\/futureland-electronics.gr\/de\/danke-page\/#breadcrumb\",\"itemListElement\":[{\"@type\":\"ListItem\",\"position\":1,\"name\":\"Home\",\"item\":\"https:\/\/futureland-electronics.gr\/de\/startseite\/\"},{\"@type\":\"ListItem\",\"position\":2,\"name\":\"Danke, Page\"}]},{\"@type\":\"WebSite\",\"@id\":\"https:\/\/futureland-electronics.gr\/de\/#website\",\"url\":\"https:\/\/futureland-electronics.gr\/de\/\",\"name\":\"FutureLand Electronics by Dimitris Lykidis\",\"description\":\"\u0397\u03bb\u03b5\u03ba\u03c4\u03c1\u03bf\u03bd\u03b9\u03ba\u03ad\u03c2 \u0395\u03b3\u03ba\u03b1\u03c4\u03b1\u03c3\u03c4\u03ac\u03c3\u03b5\u03b9\u03c2 - \u0388\u03be\u03c5\u03c0\u03bd\u03bf \u03a3\u03c0\u03af\u03c4\u03b9\",\"publisher\":{\"@id\":\"https:\/\/futureland-electronics.gr\/de\/#organization\"},\"potentialAction\":[{\"@type\":\"SearchAction\",\"target\":{\"@type\":\"EntryPoint\",\"urlTemplate\":\"https:\/\/futureland-electronics.gr\/de\/?s={search_term_string}\"},\"query-input\":{\"@type\":\"PropertyValueSpecification\",\"valueRequired\":true,\"valueName\":\"search_term_string\"}}],\"inLanguage\":\"de\"},{\"@type\":\"Organization\",\"@id\":\"https:\/\/futureland-electronics.gr\/de\/#organization\",\"name\":\"FutureLand Electronics by Dimitris Lykidis\",\"url\":\"https:\/\/futureland-electronics.gr\/de\/\",\"logo\":{\"@type\":\"ImageObject\",\"inLanguage\":\"de\",\"@id\":\"https:\/\/futureland-electronics.gr\/de\/#\/schema\/logo\/image\/\",\"url\":\"https:\/\/futureland-electronics.gr\/wp-content\/uploads\/2024\/05\/Group-10.webp\",\"contentUrl\":\"https:\/\/futureland-electronics.gr\/wp-content\/uploads\/2024\/05\/Group-10.webp\",\"width\":394,\"height\":94,\"caption\":\"FutureLand Electronics by Dimitris Lykidis\"},\"image\":{\"@id\":\"https:\/\/futureland-electronics.gr\/de\/#\/schema\/logo\/image\/\"},\"sameAs\":[\"https:\/\/www.facebook.com\/Lykidis.D\",\"https:\/\/www.instagram.com\/futureland_lykidis_electronics\/\"]}]}<\/script>\n<!-- \/ Yoast SEO plugin. -->","yoast_head_json":{"title":"Danke, Page - FutureLand Electronics by Dimitris Lykidis","description":"Unser Team steht Ihnen zur Verf\u00fcgung, um Sie bei jedem Schritt zu begleiten. Vielen Dank an unsere Kunden, die uns vertrauen und uns jeden Tag unterst\u00fctzen","robots":{"index":"index","follow":"follow","max-snippet":"max-snippet:-1","max-image-preview":"max-image-preview:large","max-video-preview":"max-video-preview:-1"},"canonical":"https:\/\/futureland-electronics.gr\/de\/danke-page\/","og_locale":"de_DE","og_type":"article","og_title":"Danke, Page - FutureLand Electronics by Dimitris Lykidis","og_description":"Unser Team steht Ihnen zur Verf\u00fcgung, um Sie bei jedem Schritt zu begleiten. Vielen Dank an unsere Kunden, die uns vertrauen und uns jeden Tag unterst\u00fctzen","og_url":"https:\/\/futureland-electronics.gr\/de\/danke-page\/","og_site_name":"FutureLand Electronics by Dimitris Lykidis","article_publisher":"https:\/\/www.facebook.com\/Lykidis.D","article_modified_time":"2024-08-22T12:12:41+00:00","twitter_card":"summary_large_image","schema":{"@context":"https:\/\/schema.org","@graph":[{"@type":"WebPage","@id":"https:\/\/futureland-electronics.gr\/de\/danke-page\/","url":"https:\/\/futureland-electronics.gr\/de\/danke-page\/","name":"Danke, Page - FutureLand Electronics by Dimitris Lykidis","isPartOf":{"@id":"https:\/\/futureland-electronics.gr\/de\/#website"},"datePublished":"2024-07-22T13:07:16+00:00","dateModified":"2024-08-22T12:12:41+00:00","description":"Unser Team steht Ihnen zur Verf\u00fcgung, um Sie bei jedem Schritt zu begleiten. Vielen Dank an unsere Kunden, die uns vertrauen und uns jeden Tag unterst\u00fctzen","breadcrumb":{"@id":"https:\/\/futureland-electronics.gr\/de\/danke-page\/#breadcrumb"},"inLanguage":"de","potentialAction":[{"@type":"ReadAction","target":["https:\/\/futureland-electronics.gr\/de\/danke-page\/"]}]},{"@type":"BreadcrumbList","@id":"https:\/\/futureland-electronics.gr\/de\/danke-page\/#breadcrumb","itemListElement":[{"@type":"ListItem","position":1,"name":"Home","item":"https:\/\/futureland-electronics.gr\/de\/startseite\/"},{"@type":"ListItem","position":2,"name":"Danke, Page"}]},{"@type":"WebSite","@id":"https:\/\/futureland-electronics.gr\/de\/#website","url":"https:\/\/futureland-electronics.gr\/de\/","name":"FutureLand Electronics by Dimitris Lykidis","description":"\u0397\u03bb\u03b5\u03ba\u03c4\u03c1\u03bf\u03bd\u03b9\u03ba\u03ad\u03c2 \u0395\u03b3\u03ba\u03b1\u03c4\u03b1\u03c3\u03c4\u03ac\u03c3\u03b5\u03b9\u03c2 - \u0388\u03be\u03c5\u03c0\u03bd\u03bf \u03a3\u03c0\u03af\u03c4\u03b9","publisher":{"@id":"https:\/\/futureland-electronics.gr\/de\/#organization"},"potentialAction":[{"@type":"SearchAction","target":{"@type":"EntryPoint","urlTemplate":"https:\/\/futureland-electronics.gr\/de\/?s={search_term_string}"},"query-input":{"@type":"PropertyValueSpecification","valueRequired":true,"valueName":"search_term_string"}}],"inLanguage":"de"},{"@type":"Organization","@id":"https:\/\/futureland-electronics.gr\/de\/#organization","name":"FutureLand Electronics by Dimitris Lykidis","url":"https:\/\/futureland-electronics.gr\/de\/","logo":{"@type":"ImageObject","inLanguage":"de","@id":"https:\/\/futureland-electronics.gr\/de\/#\/schema\/logo\/image\/","url":"https:\/\/futureland-electronics.gr\/wp-content\/uploads\/2024\/05\/Group-10.webp","contentUrl":"https:\/\/futureland-electronics.gr\/wp-content\/uploads\/2024\/05\/Group-10.webp","width":394,"height":94,"caption":"FutureLand Electronics by Dimitris Lykidis"},"image":{"@id":"https:\/\/futureland-electronics.gr\/de\/#\/schema\/logo\/image\/"},"sameAs":["https:\/\/www.facebook.com\/Lykidis.D","https:\/\/www.instagram.com\/futureland_lykidis_electronics\/"]}]}},"_links":{"self":[{"href":"https:\/\/futureland-electronics.gr\/de\/wp-json\/wp\/v2\/pages\/2726"}],"collection":[{"href":"https:\/\/futureland-electronics.gr\/de\/wp-json\/wp\/v2\/pages"}],"about":[{"href":"https:\/\/futureland-electronics.gr\/de\/wp-json\/wp\/v2\/types\/page"}],"author":[{"embeddable":true,"href":"https:\/\/futureland-electronics.gr\/de\/wp-json\/wp\/v2\/users\/2"}],"replies":[{"embeddable":true,"href":"https:\/\/futureland-electronics.gr\/de\/wp-json\/wp\/v2\/comments?post=2726"}],"version-history":[{"count":4,"href":"https:\/\/futureland-electronics.gr\/de\/wp-json\/wp\/v2\/pages\/2726\/revisions"}],"predecessor-version":[{"id":2801,"href":"https:\/\/futureland-electronics.gr\/de\/wp-json\/wp\/v2\/pages\/2726\/revisions\/2801"}],"wp:attachment":[{"href":"https:\/\/futureland-electronics.gr\/de\/wp-json\/wp\/v2\/media?parent=2726"}],"curies":[{"name":"wp","href":"https:\/\/api.w.org\/{rel}","templated":true}]}}